{"id":3354,"date":"2023-12-14T14:35:20","date_gmt":"2023-12-14T14:35:20","guid":{"rendered":"https:\/\/hytech-imaging.fr\/?page_id=3354"},"modified":"2025-04-09T16:15:17","modified_gmt":"2025-04-09T16:15:17","slug":"secchisat","status":"publish","type":"page","link":"https:\/\/hytech-imaging.fr\/en\/secchisat\/","title":{"rendered":"Secchisat"},"content":{"rendered":"<div data-colibri-id=\"3354-c1\" class=\"style-2293 style-local-3354-c1 position-relative\">\n  <!---->\n  <div data-colibri-component=\"section\" data-colibri-id=\"3354-c2\" id=\"reusable-sections\" class=\"h-section h-section-global-spacing d-flex align-items-lg-center align-items-md-center align-items-center style-2294 style-local-3354-c2 position-relative\">\n    <!---->\n    <!---->\n    <div class=\"h-section-grid-container h-section-boxed-container\">\n      <!---->\n      <div data-colibri-id=\"3354-c3\" class=\"h-row-container gutters-row-lg-1 gutters-row-md-1 gutters-row-0 gutters-row-v-lg-1 gutters-row-v-md-1 gutters-row-v-1 style-2295 style-local-3354-c3 position-relative\">\n        <!---->\n        <div class=\"h-row justify-content-lg-center justify-content-md-center justify-content-center align-items-lg-stretch align-items-md-stretch align-items-stretch gutters-col-lg-1 gutters-col-md-1 gutters-col-0 gutters-col-v-lg-1 gutters-col-v-md-1 gutters-col-v-1\">\n          <!---->\n          <div class=\"h-column h-column-container d-flex h-col-lg-auto h-col-md-auto h-col-auto style-2296-outer style-local-3354-c4-outer\">\n            <div data-colibri-id=\"3354-c4\" class=\"d-flex h-flex-basis h-column__inner h-px-lg-1 h-px-md-1 h-px-1 v-inner-lg-1 v-inner-md-1 v-inner-1 style-2296 style-local-3354-c4 position-relative\">\n              <!---->\n              <!---->\n              <div class=\"w-100 h-y-container h-column__content h-column__v-align flex-basis-100 align-self-lg-start align-self-md-start align-self-start\">\n                <!---->\n                <div data-colibri-id=\"3354-c5\" class=\"d-block style-2297 style-local-3354-c5 position-relative h-element\">\n                  <!---->\n                  <div class=\"h-image__frame-container-outer\">\n                    <div class=\"h-image__frame-container\">\n                      <!---->\n                      <!---->\n                      <img loading=\"lazy\" decoding=\"async\" width=\"1213\" height=\"334\" src=\"https:\/\/hytech-imaging.fr\/wp-content\/uploads\/2023\/12\/2023_logo_hti_secchisat_b.png\" class=\"wp-image-3390 style-2297-image style-local-3354-c5-image\" alt=\"\" srcset=\"https:\/\/hytech-imaging.fr\/wp-content\/uploads\/2023\/12\/2023_logo_hti_secchisat_b.png 1213w, https:\/\/hytech-imaging.fr\/wp-content\/uploads\/2023\/12\/2023_logo_hti_secchisat_b-300x83.png 300w, https:\/\/hytech-imaging.fr\/wp-content\/uploads\/2023\/12\/2023_logo_hti_secchisat_b-1024x282.png 1024w, https:\/\/hytech-imaging.fr\/wp-content\/uploads\/2023\/12\/2023_logo_hti_secchisat_b-768x211.png 768w\" sizes=\"auto, (max-width: 1213px) 100vw, 1213px\" \/>\n                      <div class=\"h-image__frame h-hide-lg h-hide-md h-hide-sm style-2297-frameImage style-local-3354-c5-frameImage\"><\/div>\n                    <\/div>\n                  <\/div>\n                <\/div>\n              <\/div>\n            <\/div>\n          <\/div>\n          <div class=\"h-column h-column-container d-flex h-col-lg-auto h-col-md-auto h-col-auto style-2299-outer style-local-3354-c6-outer\">\n            <div data-colibri-id=\"3354-c6\" class=\"d-flex h-flex-basis h-column__inner h-px-lg-1 h-px-md-1 h-px-1 v-inner-lg-1 v-inner-md-1 v-inner-1 style-2299 style-local-3354-c6 position-relative\">\n              <!---->\n              <!---->\n              <div class=\"w-100 h-y-container h-column__content h-column__v-align flex-basis-100 align-self-lg-start align-self-md-start align-self-start\">\n                <!---->\n                <div data-colibri-id=\"3354-c7\" class=\"h-text h-text-component style-2300 style-local-3354-c7 position-relative h-element\">\n                  <!---->\n                  <!---->\n                  <div class=\"\">\n                    <h3><span style=\"color: rgb(255, 255, 255);\">Satellite turbidity monitoring service for coastal and offshore areas<\/span><\/h3>\n                  <\/div>\n                <\/div>\n              <\/div>\n            <\/div>\n          <\/div>\n        <\/div>\n      <\/div>\n    <\/div>\n  <\/div>\n  <div data-colibri-component=\"section\" data-colibri-id=\"3354-c8\" id=\"reusable-sections-2\" class=\"h-section h-section-global-spacing d-flex align-items-lg-center align-items-md-center align-items-center style-2301 style-local-3354-c8 position-relative\">\n    <!---->\n    <!---->\n    <div class=\"h-section-grid-container h-section-boxed-container\">\n      <!---->\n      <div data-colibri-id=\"3354-c9\" class=\"h-row-container gutters-row-lg-1 gutters-row-md-1 gutters-row-0 gutters-row-v-lg-1 gutters-row-v-md-1 gutters-row-v-1 style-2302 style-local-3354-c9 position-relative\">\n        <!---->\n        <div class=\"h-row justify-content-lg-center justify-content-md-center justify-content-center align-items-lg-stretch align-items-md-stretch align-items-stretch gutters-col-lg-1 gutters-col-md-1 gutters-col-0 gutters-col-v-lg-1 gutters-col-v-md-1 gutters-col-v-1\">\n          <!---->\n          <div class=\"h-column h-column-container d-flex h-col-lg-auto h-col-md-auto h-col-auto style-2303-outer style-local-3354-c10-outer\">\n            <div data-colibri-id=\"3354-c10\" class=\"d-flex h-flex-basis h-column__inner h-px-lg-1 h-px-md-1 h-px-1 v-inner-lg-1 v-inner-md-1 v-inner-1 style-2303 style-local-3354-c10 position-relative\">\n              <!---->\n              <!---->\n              <div class=\"w-100 h-y-container h-column__content h-column__v-align flex-basis-100 align-self-lg-start align-self-md-start align-self-start\">\n                <!---->\n                <div data-colibri-id=\"3354-c11\" class=\"h-lead h-text h-text-component style-2304 style-local-3354-c11 position-relative h-element\">\n                  <!---->\n                  <!---->\n                  <div class=\"\">\n                    <p>Turbidity depends on absorption and diffusion parameters in the water column, due in particular to suspended sediment matter (SSM). Hytech-imaging offers systems for monitoring, climatology, and forecasting turbidity in coastal and offshore areas, obtained from multispectral satellite images at different resolutions, automatically, with or without in situ data, using its Secchisat\u00a9 processing chain.<\/p>\n                    <p>The Secchisat\u00a9 solution is based on the measurement of diffuse attenuation parameters using the inversion of a radiative transfer model that links marine radiance to the optical properties of the constituents of the water, the seabed and the water depth. Products from the Secchisat\u00a9 chain include spectral changes in diffuse attenuation, and estimates of the amount of suspended matter, turbidity in NTU, and Secchi depth. The parameters are all accompanied by a measure of associated uncertainty, estimated using a procedure for the analytical propagation of sensor errors in the processing chain.<\/p>\n                  <\/div>\n                <\/div>\n              <\/div>\n            <\/div>\n          <\/div>\n          <div class=\"h-column h-column-container d-flex h-col-lg-auto h-col-md-auto h-col-auto style-2305-outer style-local-3354-c12-outer\">\n            <div data-colibri-id=\"3354-c12\" class=\"d-flex h-flex-basis h-column__inner h-px-lg-1 h-px-md-1 h-px-1 v-inner-lg-1 v-inner-md-1 v-inner-1 style-2305 style-local-3354-c12 position-relative\">\n              <!---->\n              <!---->\n              <div class=\"w-100 h-y-container h-column__content h-column__v-align flex-basis-100 align-self-lg-start align-self-md-start align-self-start\">\n                <!---->\n                <div data-colibri-id=\"3354-c13\" class=\"d-block style-2306 style-local-3354-c13 position-relative h-element\">\n                  <!---->\n                  <div class=\"h-image__frame-container-outer\">\n                    <div class=\"h-image__frame-container\">\n                      <!---->\n                      <!---->\n                      <img loading=\"lazy\" decoding=\"async\" width=\"626\" height=\"406\" src=\"https:\/\/hytech-imaging.fr\/wp-content\/uploads\/2023\/12\/SAT_MS_TURBIDITE.png\" class=\"wp-image-3391 style-2306-image style-local-3354-c13-image\" alt=\"\" srcset=\"https:\/\/hytech-imaging.fr\/wp-content\/uploads\/2023\/12\/SAT_MS_TURBIDITE.png 626w, https:\/\/hytech-imaging.fr\/wp-content\/uploads\/2023\/12\/SAT_MS_TURBIDITE-300x195.png 300w\" sizes=\"auto, (max-width: 626px) 100vw, 626px\" \/>\n                      <div class=\"h-image__frame h-hide-lg h-hide-md h-hide-sm style-2306-frameImage style-local-3354-c13-frameImage\"><\/div>\n                    <\/div>\n                  <\/div>\n                <\/div>\n                <div data-colibri-id=\"3354-c14\" class=\"d-block style-2306 style-local-3354-c14 position-relative h-element\">\n                  <!---->\n                  <div class=\"h-image__frame-container-outer\">\n                    <div class=\"h-image__frame-container\">\n                      <!---->\n                      <!---->\n                      <img loading=\"lazy\" decoding=\"async\" width=\"497\" height=\"87\" src=\"https:\/\/hytech-imaging.fr\/wp-content\/uploads\/2023\/12\/SAT_MS_TURBIDITE_leg.png\" class=\"wp-image-3394 style-2306-image style-local-3354-c14-image\" alt=\"\" srcset=\"https:\/\/hytech-imaging.fr\/wp-content\/uploads\/2023\/12\/SAT_MS_TURBIDITE_leg.png 497w, https:\/\/hytech-imaging.fr\/wp-content\/uploads\/2023\/12\/SAT_MS_TURBIDITE_leg-300x53.png 300w\" sizes=\"auto, (max-width: 497px) 100vw, 497px\" \/>\n                      <div class=\"h-image__frame h-hide-lg h-hide-md h-hide-sm style-2306-frameImage style-local-3354-c14-frameImage\"><\/div>\n                    <\/div>\n                  <\/div>\n                <\/div>\n                <div data-colibri-id=\"3354-c15\" class=\"h-lead h-text h-text-component style-2304 style-local-3354-c15 position-relative h-element\">\n                  <!---->\n                  <!---->\n                  <div class=\"\">\n                    <p><span style=\"font-weight: 300; font-size: 49%;\">Turbidity climatology La Rochelle Ile de R\u00e9, first semester of 2020, based on Landsat 8 and Sentinel 2 images<\/span><\/p>\n                  <\/div>\n                <\/div>\n              <\/div>\n            <\/div>\n          <\/div>\n        <\/div>\n      <\/div>\n      <div data-colibri-id=\"3354-c16\" class=\"h-row-container gutters-row-lg-2 gutters-row-md-2 gutters-row-0 gutters-row-v-lg-2 gutters-row-v-md-2 gutters-row-v-2 style-2307 style-local-3354-c16 position-relative\">\n        <!---->\n        <div class=\"h-row justify-content-lg-center justify-content-md-center justify-content-center align-items-lg-stretch align-items-md-stretch align-items-stretch gutters-col-lg-2 gutters-col-md-2 gutters-col-0 gutters-col-v-lg-2 gutters-col-v-md-2 gutters-col-v-2\">\n          <!---->\n          <div class=\"h-column h-column-container d-flex h-col-lg-auto h-col-md-auto h-col-auto style-2308-outer style-local-3354-c17-outer\">\n            <div data-colibri-id=\"3354-c17\" class=\"d-flex h-flex-basis h-column__inner h-ui-empty-state-container h-px-lg-2 h-px-md-2 h-px-2 v-inner-lg-2 v-inner-md-2 v-inner-2 style-2308 style-local-3354-c17 position-relative\">\n              <!---->\n              <!---->\n              <div class=\"w-100 h-y-container h-column__content h-column__v-align flex-basis-100\">\n                <!---->\n              <\/div>\n            <\/div>\n          <\/div>\n          <div class=\"h-column h-column-container d-flex h-col-lg-auto h-col-md-auto h-col-auto style-2310-outer style-local-3354-c18-outer\">\n            <div data-colibri-id=\"3354-c18\" class=\"d-flex h-flex-basis h-column__inner h-ui-empty-state-container h-px-lg-2 h-px-md-2 h-px-2 v-inner-lg-2 v-inner-md-2 v-inner-2 style-2310 style-local-3354-c18 position-relative\">\n              <!---->\n              <!---->\n              <div class=\"w-100 h-y-container h-column__content h-column__v-align flex-basis-100\">\n                <!---->\n              <\/div>\n            <\/div>\n          <\/div>\n          <div class=\"h-column h-column-container d-flex h-col-lg-auto h-col-md-auto h-col-auto style-2312-outer style-local-3354-c19-outer\">\n            <div data-colibri-id=\"3354-c19\" class=\"d-flex h-flex-basis h-column__inner h-ui-empty-state-container h-px-lg-2 h-px-md-2 h-px-2 v-inner-lg-2 v-inner-md-2 v-inner-2 style-2312 style-local-3354-c19 position-relative\">\n              <!---->\n              <!---->\n              <div class=\"w-100 h-y-container h-column__content h-column__v-align flex-basis-100\">\n                <!---->\n              <\/div>\n            <\/div>\n          <\/div>\n        <\/div>\n      <\/div>\n    <\/div>\n  <\/div>\n<\/div>","protected":false},"excerpt":{"rendered":"<p>Service de suivi de turbidit\u00e9 satellitaire en zone c\u00f4ti\u00e8re ou hauturi\u00e8re La turbidit\u00e9 d\u00e9pend des param\u00e8tres d\u2019absorption et de diffusion de la colonne d\u2019eau, dus en particulier \u00e0 la mati\u00e8re en suspension (MES). Hytech-imaging propose des syst\u00e8mes de suivi, de climatologie, et de pr\u00e9vision de turbidit\u00e9 en zone c\u00f4ti\u00e8re ou hauturi\u00e8re, obtenues \u00e0 partir d\u2019images [&hellip;]<\/p>\n","protected":false},"author":3,"featured_media":0,"parent":0,"menu_order":0,"comment_status":"closed","ping_status":"closed","template":"page-templates\/full-width-page.php","meta":{"footnotes":""},"class_list":["post-3354","page","type-page","status-publish","hentry"],"yoast_head":"<!-- This site is optimized with the Yoast SEO plugin v27.5 - https:\/\/yoast.com\/product\/yoast-seo-wordpress\/ -->\n<title>Secchisat - Hytech-imaging<\/title>\n<meta name=\"robots\" content=\"index, follow, max-snippet:-1, max-image-preview:large, max-video-preview:-1\" \/>\n<link rel=\"canonical\" href=\"https:\/\/hytech-imaging.fr\/en\/secchisat\/\" \/>\n<meta property=\"og:locale\" content=\"en_US\" \/>\n<meta property=\"og:type\" content=\"article\" \/>\n<meta property=\"og:title\" content=\"Secchisat - Hytech-imaging\" \/>\n<meta property=\"og:description\" content=\"Service de suivi de turbidit\u00e9 satellitaire en zone c\u00f4ti\u00e8re ou hauturi\u00e8re La turbidit\u00e9 d\u00e9pend des param\u00e8tres d\u2019absorption et de diffusion de la colonne d\u2019eau, dus en particulier \u00e0 la mati\u00e8re en suspension (MES). Hytech-imaging propose des syst\u00e8mes de suivi, de climatologie, et de pr\u00e9vision de turbidit\u00e9 en zone c\u00f4ti\u00e8re ou hauturi\u00e8re, obtenues \u00e0 partir d\u2019images [&hellip;]\" \/>\n<meta property=\"og:url\" content=\"https:\/\/hytech-imaging.fr\/en\/secchisat\/\" \/>\n<meta property=\"og:site_name\" content=\"Hytech-imaging\" \/>\n<meta property=\"article:modified_time\" content=\"2025-04-09T16:15:17+00:00\" \/>\n<meta property=\"og:image\" content=\"https:\/\/hytech-imaging.fr\/wp-content\/uploads\/2023\/12\/2023_logo_hti_secchisat_b.png\" \/>\n<meta name=\"twitter:card\" content=\"summary_large_image\" \/>\n<meta name=\"twitter:label1\" content=\"Est. reading time\" \/>\n\t<meta name=\"twitter:data1\" content=\"1 minute\" \/>\n<script type=\"application\/ld+json\" class=\"yoast-schema-graph\">{\"@context\":\"https:\\\/\\\/schema.org\",\"@graph\":[{\"@type\":\"WebPage\",\"@id\":\"https:\\\/\\\/hytech-imaging.fr\\\/secchisat\\\/\",\"url\":\"https:\\\/\\\/hytech-imaging.fr\\\/secchisat\\\/\",\"name\":\"Secchisat - Hytech-imaging\",\"isPartOf\":{\"@id\":\"https:\\\/\\\/hytech-imaging.fr\\\/#website\"},\"primaryImageOfPage\":{\"@id\":\"https:\\\/\\\/hytech-imaging.fr\\\/secchisat\\\/#primaryimage\"},\"image\":{\"@id\":\"https:\\\/\\\/hytech-imaging.fr\\\/secchisat\\\/#primaryimage\"},\"thumbnailUrl\":\"https:\\\/\\\/hytech-imaging.fr\\\/wp-content\\\/uploads\\\/2023\\\/12\\\/2023_logo_hti_secchisat_b.png\",\"datePublished\":\"2023-12-14T14:35:20+00:00\",\"dateModified\":\"2025-04-09T16:15:17+00:00\",\"breadcrumb\":{\"@id\":\"https:\\\/\\\/hytech-imaging.fr\\\/secchisat\\\/#breadcrumb\"},\"inLanguage\":\"en-US\",\"potentialAction\":[{\"@type\":\"ReadAction\",\"target\":[\"https:\\\/\\\/hytech-imaging.fr\\\/secchisat\\\/\"]}]},{\"@type\":\"ImageObject\",\"inLanguage\":\"en-US\",\"@id\":\"https:\\\/\\\/hytech-imaging.fr\\\/secchisat\\\/#primaryimage\",\"url\":\"https:\\\/\\\/hytech-imaging.fr\\\/wp-content\\\/uploads\\\/2023\\\/12\\\/2023_logo_hti_secchisat_b.png\",\"contentUrl\":\"https:\\\/\\\/hytech-imaging.fr\\\/wp-content\\\/uploads\\\/2023\\\/12\\\/2023_logo_hti_secchisat_b.png\"},{\"@type\":\"BreadcrumbList\",\"@id\":\"https:\\\/\\\/hytech-imaging.fr\\\/secchisat\\\/#breadcrumb\",\"itemListElement\":[{\"@type\":\"ListItem\",\"position\":1,\"name\":\"Accueil\",\"item\":\"https:\\\/\\\/hytech-imaging.fr\\\/\"},{\"@type\":\"ListItem\",\"position\":2,\"name\":\"Secchisat\"}]},{\"@type\":\"WebSite\",\"@id\":\"https:\\\/\\\/hytech-imaging.fr\\\/#website\",\"url\":\"https:\\\/\\\/hytech-imaging.fr\\\/\",\"name\":\"Hytech-imaging\",\"description\":\"From light to Earth information\",\"publisher\":{\"@id\":\"https:\\\/\\\/hytech-imaging.fr\\\/#organization\"},\"potentialAction\":[{\"@type\":\"SearchAction\",\"target\":{\"@type\":\"EntryPoint\",\"urlTemplate\":\"https:\\\/\\\/hytech-imaging.fr\\\/?s={search_term_string}\"},\"query-input\":{\"@type\":\"PropertyValueSpecification\",\"valueRequired\":true,\"valueName\":\"search_term_string\"}}],\"inLanguage\":\"en-US\"},{\"@type\":\"Organization\",\"@id\":\"https:\\\/\\\/hytech-imaging.fr\\\/#organization\",\"name\":\"Hytech-imaging\",\"url\":\"https:\\\/\\\/hytech-imaging.fr\\\/\",\"logo\":{\"@type\":\"ImageObject\",\"inLanguage\":\"en-US\",\"@id\":\"https:\\\/\\\/hytech-imaging.fr\\\/#\\\/schema\\\/logo\\\/image\\\/\",\"url\":\"https:\\\/\\\/hytech-imaging.fr\\\/wp-content\\\/uploads\\\/2025\\\/04\\\/logo-hytech-imaging_400x100.png\",\"contentUrl\":\"https:\\\/\\\/hytech-imaging.fr\\\/wp-content\\\/uploads\\\/2025\\\/04\\\/logo-hytech-imaging_400x100.png\",\"width\":400,\"height\":100,\"caption\":\"Hytech-imaging\"},\"image\":{\"@id\":\"https:\\\/\\\/hytech-imaging.fr\\\/#\\\/schema\\\/logo\\\/image\\\/\"}}]}<\/script>\n<!-- \/ Yoast SEO plugin. -->","yoast_head_json":{"title":"Secchisat - Hytech-imaging","robots":{"index":"index","follow":"follow","max-snippet":"max-snippet:-1","max-image-preview":"max-image-preview:large","max-video-preview":"max-video-preview:-1"},"canonical":"https:\/\/hytech-imaging.fr\/en\/secchisat\/","og_locale":"en_US","og_type":"article","og_title":"Secchisat - Hytech-imaging","og_description":"Service de suivi de turbidit\u00e9 satellitaire en zone c\u00f4ti\u00e8re ou hauturi\u00e8re La turbidit\u00e9 d\u00e9pend des param\u00e8tres d\u2019absorption et de diffusion de la colonne d\u2019eau, dus en particulier \u00e0 la mati\u00e8re en suspension (MES). Hytech-imaging propose des syst\u00e8mes de suivi, de climatologie, et de pr\u00e9vision de turbidit\u00e9 en zone c\u00f4ti\u00e8re ou hauturi\u00e8re, obtenues \u00e0 partir d\u2019images [&hellip;]","og_url":"https:\/\/hytech-imaging.fr\/en\/secchisat\/","og_site_name":"Hytech-imaging","article_modified_time":"2025-04-09T16:15:17+00:00","og_image":[{"url":"https:\/\/hytech-imaging.fr\/wp-content\/uploads\/2023\/12\/2023_logo_hti_secchisat_b.png","type":"","width":"","height":""}],"twitter_card":"summary_large_image","twitter_misc":{"Est. reading time":"1 minute"},"schema":{"@context":"https:\/\/schema.org","@graph":[{"@type":"WebPage","@id":"https:\/\/hytech-imaging.fr\/secchisat\/","url":"https:\/\/hytech-imaging.fr\/secchisat\/","name":"Secchisat - Hytech-imaging","isPartOf":{"@id":"https:\/\/hytech-imaging.fr\/#website"},"primaryImageOfPage":{"@id":"https:\/\/hytech-imaging.fr\/secchisat\/#primaryimage"},"image":{"@id":"https:\/\/hytech-imaging.fr\/secchisat\/#primaryimage"},"thumbnailUrl":"https:\/\/hytech-imaging.fr\/wp-content\/uploads\/2023\/12\/2023_logo_hti_secchisat_b.png","datePublished":"2023-12-14T14:35:20+00:00","dateModified":"2025-04-09T16:15:17+00:00","breadcrumb":{"@id":"https:\/\/hytech-imaging.fr\/secchisat\/#breadcrumb"},"inLanguage":"en-US","potentialAction":[{"@type":"ReadAction","target":["https:\/\/hytech-imaging.fr\/secchisat\/"]}]},{"@type":"ImageObject","inLanguage":"en-US","@id":"https:\/\/hytech-imaging.fr\/secchisat\/#primaryimage","url":"https:\/\/hytech-imaging.fr\/wp-content\/uploads\/2023\/12\/2023_logo_hti_secchisat_b.png","contentUrl":"https:\/\/hytech-imaging.fr\/wp-content\/uploads\/2023\/12\/2023_logo_hti_secchisat_b.png"},{"@type":"BreadcrumbList","@id":"https:\/\/hytech-imaging.fr\/secchisat\/#breadcrumb","itemListElement":[{"@type":"ListItem","position":1,"name":"Accueil","item":"https:\/\/hytech-imaging.fr\/"},{"@type":"ListItem","position":2,"name":"Secchisat"}]},{"@type":"WebSite","@id":"https:\/\/hytech-imaging.fr\/#website","url":"https:\/\/hytech-imaging.fr\/","name":"Hytech-imaging","description":"From light to Earth information","publisher":{"@id":"https:\/\/hytech-imaging.fr\/#organization"},"potentialAction":[{"@type":"SearchAction","target":{"@type":"EntryPoint","urlTemplate":"https:\/\/hytech-imaging.fr\/?s={search_term_string}"},"query-input":{"@type":"PropertyValueSpecification","valueRequired":true,"valueName":"search_term_string"}}],"inLanguage":"en-US"},{"@type":"Organization","@id":"https:\/\/hytech-imaging.fr\/#organization","name":"Hytech-imaging","url":"https:\/\/hytech-imaging.fr\/","logo":{"@type":"ImageObject","inLanguage":"en-US","@id":"https:\/\/hytech-imaging.fr\/#\/schema\/logo\/image\/","url":"https:\/\/hytech-imaging.fr\/wp-content\/uploads\/2025\/04\/logo-hytech-imaging_400x100.png","contentUrl":"https:\/\/hytech-imaging.fr\/wp-content\/uploads\/2025\/04\/logo-hytech-imaging_400x100.png","width":400,"height":100,"caption":"Hytech-imaging"},"image":{"@id":"https:\/\/hytech-imaging.fr\/#\/schema\/logo\/image\/"}}]}},"_links":{"self":[{"href":"https:\/\/hytech-imaging.fr\/en\/wp-json\/wp\/v2\/pages\/3354","targetHints":{"allow":["GET"]}}],"collection":[{"href":"https:\/\/hytech-imaging.fr\/en\/wp-json\/wp\/v2\/pages"}],"about":[{"href":"https:\/\/hytech-imaging.fr\/en\/wp-json\/wp\/v2\/types\/page"}],"author":[{"embeddable":true,"href":"https:\/\/hytech-imaging.fr\/en\/wp-json\/wp\/v2\/users\/3"}],"replies":[{"embeddable":true,"href":"https:\/\/hytech-imaging.fr\/en\/wp-json\/wp\/v2\/comments?post=3354"}],"version-history":[{"count":6,"href":"https:\/\/hytech-imaging.fr\/en\/wp-json\/wp\/v2\/pages\/3354\/revisions"}],"predecessor-version":[{"id":6761,"href":"https:\/\/hytech-imaging.fr\/en\/wp-json\/wp\/v2\/pages\/3354\/revisions\/6761"}],"wp:attachment":[{"href":"https:\/\/hytech-imaging.fr\/en\/wp-json\/wp\/v2\/media?parent=3354"}],"curies":[{"name":"wp","href":"https:\/\/api.w.org\/{rel}","templated":true}]}}