{"id":3356,"date":"2023-12-14T14:35:40","date_gmt":"2023-12-14T14:35:40","guid":{"rendered":"https:\/\/hytech-imaging.fr\/?page_id=3356"},"modified":"2023-12-20T08:47:08","modified_gmt":"2023-12-20T08:47:08","slug":"chlorosat","status":"publish","type":"page","link":"https:\/\/hytech-imaging.fr\/en\/chlorosat\/","title":{"rendered":"Chlorosat"},"content":{"rendered":"<div data-colibri-id=\"3356-c1\" class=\"style-2313 style-local-3356-c1 position-relative\">\n  <!---->\n  <div data-colibri-component=\"section\" data-colibri-id=\"3356-c2\" id=\"reusable-sections\" class=\"h-section h-section-global-spacing d-flex align-items-lg-center align-items-md-center align-items-center style-2314 style-local-3356-c2 position-relative\">\n    <!---->\n    <!---->\n    <div class=\"h-section-grid-container h-section-boxed-container\">\n      <!---->\n      <div data-colibri-id=\"3356-c3\" class=\"h-row-container gutters-row-lg-1 gutters-row-md-1 gutters-row-0 gutters-row-v-lg-1 gutters-row-v-md-1 gutters-row-v-1 style-2315 style-local-3356-c3 position-relative\">\n        <!---->\n        <div class=\"h-row justify-content-lg-center justify-content-md-center justify-content-center align-items-lg-stretch align-items-md-stretch align-items-stretch gutters-col-lg-1 gutters-col-md-1 gutters-col-0 gutters-col-v-lg-1 gutters-col-v-md-1 gutters-col-v-1\">\n          <!---->\n          <div class=\"h-column h-column-container d-flex h-col-lg-auto h-col-md-auto h-col-auto style-2316-outer style-local-3356-c4-outer\">\n            <div data-colibri-id=\"3356-c4\" class=\"d-flex h-flex-basis h-column__inner h-px-lg-1 h-px-md-1 h-px-1 v-inner-lg-1 v-inner-md-1 v-inner-1 style-2316 style-local-3356-c4 position-relative\">\n              <!---->\n              <!---->\n              <div class=\"w-100 h-y-container h-column__content h-column__v-align flex-basis-100 align-self-lg-start align-self-md-start align-self-start\">\n                <!---->\n                <div data-colibri-id=\"3356-c5\" class=\"d-block style-2317 style-local-3356-c5 position-relative h-element\">\n                  <!---->\n                  <div class=\"h-image__frame-container-outer\">\n                    <div class=\"h-image__frame-container\">\n                      <!---->\n                      <!---->\n                      <img loading=\"lazy\" decoding=\"async\" width=\"1213\" height=\"334\" src=\"https:\/\/hytech-imaging.fr\/wp-content\/uploads\/2023\/12\/2023_logo_hti_chlorosat_b.png\" class=\"wp-image-3430 style-2317-image style-local-3356-c5-image\" alt=\"\" srcset=\"https:\/\/hytech-imaging.fr\/wp-content\/uploads\/2023\/12\/2023_logo_hti_chlorosat_b.png 1213w, https:\/\/hytech-imaging.fr\/wp-content\/uploads\/2023\/12\/2023_logo_hti_chlorosat_b-300x83.png 300w, https:\/\/hytech-imaging.fr\/wp-content\/uploads\/2023\/12\/2023_logo_hti_chlorosat_b-1024x282.png 1024w, https:\/\/hytech-imaging.fr\/wp-content\/uploads\/2023\/12\/2023_logo_hti_chlorosat_b-768x211.png 768w\" sizes=\"auto, (max-width: 1213px) 100vw, 1213px\" \/>\n                      <div class=\"h-image__frame h-hide-lg h-hide-md h-hide-sm style-2317-frameImage style-local-3356-c5-frameImage\"><\/div>\n                    <\/div>\n                  <\/div>\n                <\/div>\n              <\/div>\n            <\/div>\n          <\/div>\n          <div class=\"h-column h-column-container d-flex h-col-lg-auto h-col-md-auto h-col-auto style-2319-outer style-local-3356-c6-outer\">\n            <div data-colibri-id=\"3356-c6\" class=\"d-flex h-flex-basis h-column__inner h-px-lg-1 h-px-md-1 h-px-1 v-inner-lg-1 v-inner-md-1 v-inner-1 style-2319 style-local-3356-c6 position-relative\">\n              <!---->\n              <!---->\n              <div class=\"w-100 h-y-container h-column__content h-column__v-align flex-basis-100 align-self-lg-start align-self-md-start align-self-start\">\n                <!---->\n                <div data-colibri-id=\"3356-c7\" class=\"h-text h-text-component style-2320 style-local-3356-c7 position-relative h-element\">\n                  <!---->\n                  <!---->\n                  <div class=\"\">\n                    <h3><span style=\"font-weight: 400; color: rgb(255, 255, 255);\">Satellite detection system for <br>coastal blooms of microalgae<\/span><\/h3>\n                  <\/div>\n                <\/div>\n              <\/div>\n            <\/div>\n          <\/div>\n        <\/div>\n      <\/div>\n    <\/div>\n  <\/div>\n  <div data-colibri-component=\"section\" data-colibri-id=\"3356-c8\" id=\"reusable-sections-2\" class=\"h-section h-section-global-spacing d-flex align-items-lg-center align-items-md-center align-items-center style-2321 style-local-3356-c8 position-relative\">\n    <!---->\n    <!---->\n    <div class=\"h-section-grid-container h-section-boxed-container\">\n      <!---->\n      <div data-colibri-id=\"3356-c9\" class=\"h-row-container gutters-row-lg-1 gutters-row-md-1 gutters-row-0 gutters-row-v-lg-1 gutters-row-v-md-1 gutters-row-v-1 style-2322 style-local-3356-c9 position-relative\">\n        <!---->\n        <div class=\"h-row justify-content-lg-center justify-content-md-center justify-content-center align-items-lg-stretch align-items-md-stretch align-items-stretch gutters-col-lg-1 gutters-col-md-1 gutters-col-0 gutters-col-v-lg-1 gutters-col-v-md-1 gutters-col-v-1\">\n          <!---->\n          <div class=\"h-column h-column-container d-flex h-col-lg-auto h-col-md-auto h-col-auto style-2323-outer style-local-3356-c10-outer\">\n            <div data-colibri-id=\"3356-c10\" class=\"d-flex h-flex-basis h-column__inner h-px-lg-1 h-px-md-1 h-px-1 v-inner-lg-1 v-inner-md-1 v-inner-1 style-2323 style-local-3356-c10 position-relative\">\n              <!---->\n              <!---->\n              <div class=\"w-100 h-y-container h-column__content h-column__v-align flex-basis-100 align-self-lg-start align-self-md-start align-self-start\">\n                <!---->\n                <div data-colibri-id=\"3356-c11\" class=\"h-lead h-text h-text-component style-2324 style-local-3356-c11 position-relative h-element\">\n                  <!---->\n                  <!---->\n                  <div class=\"\">\n                    <p>Chlorosat\u00a9 is a processing chain for the early detection of microalgae blooms in coastal areas using multispectral and hyperspectral satellite images at different resolutions. The Chlorosat\u00a9 chain can integrate in situ data from measurements of physico-chemical parameters or spectral measurements to assist in detection.<\/p>\n                    <p>A module for quantitative estimation of chlorophyll content at pixel scale is currently being integrated into the Chlorosat\u00a9 chain. The estimation will be robust to the adjacency effects, generated by coastal zones, and is intended to be deployed in operational mode for the protection of aquaculture production sites in coastal zones.<\/p>\n                  <\/div>\n                <\/div>\n              <\/div>\n            <\/div>\n          <\/div>\n          <div class=\"h-column h-column-container d-flex h-col-lg-auto h-col-md-auto h-col-auto style-2325-outer style-local-3356-c12-outer\">\n            <div data-colibri-id=\"3356-c12\" class=\"d-flex h-flex-basis h-column__inner h-px-lg-1 h-px-md-1 h-px-1 v-inner-lg-1 v-inner-md-1 v-inner-1 style-2325 style-local-3356-c12 position-relative\">\n              <!---->\n              <!---->\n              <div class=\"w-100 h-y-container h-column__content h-column__v-align flex-basis-100 align-self-lg-start align-self-md-start align-self-start\">\n                <!---->\n                <div data-colibri-id=\"3356-c13\" class=\"d-block style-2379 style-local-3356-c13 position-relative h-element\">\n                  <!---->\n                  <div class=\"h-image__frame-container-outer\">\n                    <div class=\"h-image__frame-container\">\n                      <!---->\n                      <!---->\n                      <img loading=\"lazy\" decoding=\"async\" width=\"1799\" height=\"1203\" src=\"https:\/\/hytech-imaging.fr\/wp-content\/uploads\/2023\/12\/source.jpg\" class=\"wp-image-3463 style-2379-image style-local-3356-c13-image\" alt=\"\" srcset=\"https:\/\/hytech-imaging.fr\/wp-content\/uploads\/2023\/12\/source.jpg 1799w, https:\/\/hytech-imaging.fr\/wp-content\/uploads\/2023\/12\/source-300x201.jpg 300w, https:\/\/hytech-imaging.fr\/wp-content\/uploads\/2023\/12\/source-1024x685.jpg 1024w, https:\/\/hytech-imaging.fr\/wp-content\/uploads\/2023\/12\/source-768x514.jpg 768w, https:\/\/hytech-imaging.fr\/wp-content\/uploads\/2023\/12\/source-1536x1027.jpg 1536w\" sizes=\"auto, (max-width: 1799px) 100vw, 1799px\" \/>\n                      <div class=\"h-image__frame h-hide-lg h-hide-md h-hide-sm style-2379-frameImage style-local-3356-c13-frameImage\"><\/div>\n                    <\/div>\n                  <\/div>\n                <\/div>\n                <div data-colibri-id=\"3356-c14\" class=\"h-text h-text-component style-2380 style-local-3356-c14 position-relative h-element\">\n                  <!---->\n                  <!---->\n                  <div class=\"\">\n                    <p><span style=\"color: rgb(42, 18, 18); font-size: 42%;\">Aerial Associates Photography, Inc., by Zachary Haslick<\/span><\/p>\n                  <\/div>\n                <\/div>\n              <\/div>\n            <\/div>\n          <\/div>\n        <\/div>\n      <\/div>\n      <div data-colibri-id=\"3356-c15\" class=\"h-row-container gutters-row-lg-2 gutters-row-md-2 gutters-row-0 gutters-row-v-lg-2 gutters-row-v-md-2 gutters-row-v-2 style-2327 style-local-3356-c15 position-relative\">\n        <!---->\n        <div class=\"h-row justify-content-lg-center justify-content-md-center justify-content-center align-items-lg-stretch align-items-md-stretch align-items-stretch gutters-col-lg-2 gutters-col-md-2 gutters-col-0 gutters-col-v-lg-2 gutters-col-v-md-2 gutters-col-v-2\">\n          <!---->\n          <div class=\"h-column h-column-container d-flex h-col-lg-auto h-col-md-auto h-col-auto style-2328-outer style-local-3356-c16-outer\">\n            <div data-colibri-id=\"3356-c16\" class=\"d-flex h-flex-basis h-column__inner h-ui-empty-state-container h-px-lg-2 h-px-md-2 h-px-2 v-inner-lg-2 v-inner-md-2 v-inner-2 style-2328 style-local-3356-c16 position-relative\">\n              <!---->\n              <!---->\n              <div class=\"w-100 h-y-container h-column__content h-column__v-align flex-basis-100\">\n                <!---->\n              <\/div>\n            <\/div>\n          <\/div>\n          <div class=\"h-column h-column-container d-flex h-col-lg-auto h-col-md-auto h-col-auto style-2330-outer style-local-3356-c17-outer\">\n            <div data-colibri-id=\"3356-c17\" class=\"d-flex h-flex-basis h-column__inner h-ui-empty-state-container h-px-lg-2 h-px-md-2 h-px-2 v-inner-lg-2 v-inner-md-2 v-inner-2 style-2330 style-local-3356-c17 position-relative\">\n              <!---->\n              <!---->\n              <div class=\"w-100 h-y-container h-column__content h-column__v-align flex-basis-100\">\n                <!---->\n              <\/div>\n            <\/div>\n          <\/div>\n          <div class=\"h-column h-column-container d-flex h-col-lg-auto h-col-md-auto h-col-auto style-2332-outer style-local-3356-c18-outer\">\n            <div data-colibri-id=\"3356-c18\" class=\"d-flex h-flex-basis h-column__inner h-ui-empty-state-container h-px-lg-2 h-px-md-2 h-px-2 v-inner-lg-2 v-inner-md-2 v-inner-2 style-2332 style-local-3356-c18 position-relative\">\n              <!---->\n              <!---->\n              <div class=\"w-100 h-y-container h-column__content h-column__v-align flex-basis-100\">\n                <!---->\n              <\/div>\n            <\/div>\n          <\/div>\n        <\/div>\n      <\/div>\n    <\/div>\n  <\/div>\n<\/div>","protected":false},"excerpt":{"rendered":"<p>Syst\u00e8me de d\u00e9tection satellitaire des blooms c\u00f4tiers de microalgues Chlorosat\u00a9 est une cha\u00eene de traitement permettant la d\u00e9tection pr\u00e9coce de blooms de microalgues en zone c\u00f4ti\u00e8re \u00e0 partir d\u2019images satellitaires multispectrales et hyperspectrales \u00e0 diff\u00e9rentes r\u00e9solutions. La cha\u00eene Chlorosat\u00a9 peut int\u00e9grer des donn\u00e9es in situ, issues de mesures de param\u00e8tres physico-chimiques ou de mesures spectrales, [&hellip;]<\/p>\n","protected":false},"author":3,"featured_media":0,"parent":0,"menu_order":0,"comment_status":"closed","ping_status":"closed","template":"page-templates\/full-width-page.php","meta":{"footnotes":""},"class_list":["post-3356","page","type-page","status-publish","hentry"],"yoast_head":"<!-- This site is optimized with the Yoast SEO plugin v27.5 - https:\/\/yoast.com\/product\/yoast-seo-wordpress\/ -->\n<title>Chlorosat - Hytech-imaging<\/title>\n<meta name=\"robots\" content=\"index, follow, max-snippet:-1, max-image-preview:large, max-video-preview:-1\" \/>\n<link rel=\"canonical\" href=\"https:\/\/hytech-imaging.fr\/en\/chlorosat\/\" \/>\n<meta property=\"og:locale\" content=\"en_US\" \/>\n<meta property=\"og:type\" content=\"article\" \/>\n<meta property=\"og:title\" content=\"Chlorosat - Hytech-imaging\" \/>\n<meta property=\"og:description\" content=\"Syst\u00e8me de d\u00e9tection satellitaire des blooms c\u00f4tiers de microalgues Chlorosat\u00a9 est une cha\u00eene de traitement permettant la d\u00e9tection pr\u00e9coce de blooms de microalgues en zone c\u00f4ti\u00e8re \u00e0 partir d\u2019images satellitaires multispectrales et hyperspectrales \u00e0 diff\u00e9rentes r\u00e9solutions. La cha\u00eene Chlorosat\u00a9 peut int\u00e9grer des donn\u00e9es in situ, issues de mesures de param\u00e8tres physico-chimiques ou de mesures spectrales, [&hellip;]\" \/>\n<meta property=\"og:url\" content=\"https:\/\/hytech-imaging.fr\/en\/chlorosat\/\" \/>\n<meta property=\"og:site_name\" content=\"Hytech-imaging\" \/>\n<meta property=\"article:modified_time\" content=\"2023-12-20T08:47:08+00:00\" \/>\n<meta property=\"og:image\" content=\"https:\/\/hytech-imaging.fr\/wp-content\/uploads\/2023\/12\/2023_logo_hti_chlorosat_b.png\" \/>\n<meta name=\"twitter:card\" content=\"summary_large_image\" \/>\n<meta name=\"twitter:label1\" content=\"Est. reading time\" \/>\n\t<meta name=\"twitter:data1\" content=\"1 minute\" \/>\n<script type=\"application\/ld+json\" class=\"yoast-schema-graph\">{\"@context\":\"https:\\\/\\\/schema.org\",\"@graph\":[{\"@type\":\"WebPage\",\"@id\":\"https:\\\/\\\/hytech-imaging.fr\\\/chlorosat\\\/\",\"url\":\"https:\\\/\\\/hytech-imaging.fr\\\/chlorosat\\\/\",\"name\":\"Chlorosat - Hytech-imaging\",\"isPartOf\":{\"@id\":\"https:\\\/\\\/hytech-imaging.fr\\\/#website\"},\"primaryImageOfPage\":{\"@id\":\"https:\\\/\\\/hytech-imaging.fr\\\/chlorosat\\\/#primaryimage\"},\"image\":{\"@id\":\"https:\\\/\\\/hytech-imaging.fr\\\/chlorosat\\\/#primaryimage\"},\"thumbnailUrl\":\"https:\\\/\\\/hytech-imaging.fr\\\/wp-content\\\/uploads\\\/2023\\\/12\\\/2023_logo_hti_chlorosat_b.png\",\"datePublished\":\"2023-12-14T14:35:40+00:00\",\"dateModified\":\"2023-12-20T08:47:08+00:00\",\"breadcrumb\":{\"@id\":\"https:\\\/\\\/hytech-imaging.fr\\\/chlorosat\\\/#breadcrumb\"},\"inLanguage\":\"en-US\",\"potentialAction\":[{\"@type\":\"ReadAction\",\"target\":[\"https:\\\/\\\/hytech-imaging.fr\\\/chlorosat\\\/\"]}]},{\"@type\":\"ImageObject\",\"inLanguage\":\"en-US\",\"@id\":\"https:\\\/\\\/hytech-imaging.fr\\\/chlorosat\\\/#primaryimage\",\"url\":\"https:\\\/\\\/hytech-imaging.fr\\\/wp-content\\\/uploads\\\/2023\\\/12\\\/2023_logo_hti_chlorosat_b.png\",\"contentUrl\":\"https:\\\/\\\/hytech-imaging.fr\\\/wp-content\\\/uploads\\\/2023\\\/12\\\/2023_logo_hti_chlorosat_b.png\"},{\"@type\":\"BreadcrumbList\",\"@id\":\"https:\\\/\\\/hytech-imaging.fr\\\/chlorosat\\\/#breadcrumb\",\"itemListElement\":[{\"@type\":\"ListItem\",\"position\":1,\"name\":\"Accueil\",\"item\":\"https:\\\/\\\/hytech-imaging.fr\\\/\"},{\"@type\":\"ListItem\",\"position\":2,\"name\":\"Chlorosat\"}]},{\"@type\":\"WebSite\",\"@id\":\"https:\\\/\\\/hytech-imaging.fr\\\/#website\",\"url\":\"https:\\\/\\\/hytech-imaging.fr\\\/\",\"name\":\"Hytech-imaging\",\"description\":\"From light to Earth information\",\"publisher\":{\"@id\":\"https:\\\/\\\/hytech-imaging.fr\\\/#organization\"},\"potentialAction\":[{\"@type\":\"SearchAction\",\"target\":{\"@type\":\"EntryPoint\",\"urlTemplate\":\"https:\\\/\\\/hytech-imaging.fr\\\/?s={search_term_string}\"},\"query-input\":{\"@type\":\"PropertyValueSpecification\",\"valueRequired\":true,\"valueName\":\"search_term_string\"}}],\"inLanguage\":\"en-US\"},{\"@type\":\"Organization\",\"@id\":\"https:\\\/\\\/hytech-imaging.fr\\\/#organization\",\"name\":\"Hytech-imaging\",\"url\":\"https:\\\/\\\/hytech-imaging.fr\\\/\",\"logo\":{\"@type\":\"ImageObject\",\"inLanguage\":\"en-US\",\"@id\":\"https:\\\/\\\/hytech-imaging.fr\\\/#\\\/schema\\\/logo\\\/image\\\/\",\"url\":\"https:\\\/\\\/hytech-imaging.fr\\\/wp-content\\\/uploads\\\/2025\\\/04\\\/logo-hytech-imaging_400x100.png\",\"contentUrl\":\"https:\\\/\\\/hytech-imaging.fr\\\/wp-content\\\/uploads\\\/2025\\\/04\\\/logo-hytech-imaging_400x100.png\",\"width\":400,\"height\":100,\"caption\":\"Hytech-imaging\"},\"image\":{\"@id\":\"https:\\\/\\\/hytech-imaging.fr\\\/#\\\/schema\\\/logo\\\/image\\\/\"}}]}<\/script>\n<!-- \/ Yoast SEO plugin. -->","yoast_head_json":{"title":"Chlorosat - Hytech-imaging","robots":{"index":"index","follow":"follow","max-snippet":"max-snippet:-1","max-image-preview":"max-image-preview:large","max-video-preview":"max-video-preview:-1"},"canonical":"https:\/\/hytech-imaging.fr\/en\/chlorosat\/","og_locale":"en_US","og_type":"article","og_title":"Chlorosat - Hytech-imaging","og_description":"Syst\u00e8me de d\u00e9tection satellitaire des blooms c\u00f4tiers de microalgues Chlorosat\u00a9 est une cha\u00eene de traitement permettant la d\u00e9tection pr\u00e9coce de blooms de microalgues en zone c\u00f4ti\u00e8re \u00e0 partir d\u2019images satellitaires multispectrales et hyperspectrales \u00e0 diff\u00e9rentes r\u00e9solutions. La cha\u00eene Chlorosat\u00a9 peut int\u00e9grer des donn\u00e9es in situ, issues de mesures de param\u00e8tres physico-chimiques ou de mesures spectrales, [&hellip;]","og_url":"https:\/\/hytech-imaging.fr\/en\/chlorosat\/","og_site_name":"Hytech-imaging","article_modified_time":"2023-12-20T08:47:08+00:00","og_image":[{"url":"https:\/\/hytech-imaging.fr\/wp-content\/uploads\/2023\/12\/2023_logo_hti_chlorosat_b.png","type":"","width":"","height":""}],"twitter_card":"summary_large_image","twitter_misc":{"Est. reading time":"1 minute"},"schema":{"@context":"https:\/\/schema.org","@graph":[{"@type":"WebPage","@id":"https:\/\/hytech-imaging.fr\/chlorosat\/","url":"https:\/\/hytech-imaging.fr\/chlorosat\/","name":"Chlorosat - Hytech-imaging","isPartOf":{"@id":"https:\/\/hytech-imaging.fr\/#website"},"primaryImageOfPage":{"@id":"https:\/\/hytech-imaging.fr\/chlorosat\/#primaryimage"},"image":{"@id":"https:\/\/hytech-imaging.fr\/chlorosat\/#primaryimage"},"thumbnailUrl":"https:\/\/hytech-imaging.fr\/wp-content\/uploads\/2023\/12\/2023_logo_hti_chlorosat_b.png","datePublished":"2023-12-14T14:35:40+00:00","dateModified":"2023-12-20T08:47:08+00:00","breadcrumb":{"@id":"https:\/\/hytech-imaging.fr\/chlorosat\/#breadcrumb"},"inLanguage":"en-US","potentialAction":[{"@type":"ReadAction","target":["https:\/\/hytech-imaging.fr\/chlorosat\/"]}]},{"@type":"ImageObject","inLanguage":"en-US","@id":"https:\/\/hytech-imaging.fr\/chlorosat\/#primaryimage","url":"https:\/\/hytech-imaging.fr\/wp-content\/uploads\/2023\/12\/2023_logo_hti_chlorosat_b.png","contentUrl":"https:\/\/hytech-imaging.fr\/wp-content\/uploads\/2023\/12\/2023_logo_hti_chlorosat_b.png"},{"@type":"BreadcrumbList","@id":"https:\/\/hytech-imaging.fr\/chlorosat\/#breadcrumb","itemListElement":[{"@type":"ListItem","position":1,"name":"Accueil","item":"https:\/\/hytech-imaging.fr\/"},{"@type":"ListItem","position":2,"name":"Chlorosat"}]},{"@type":"WebSite","@id":"https:\/\/hytech-imaging.fr\/#website","url":"https:\/\/hytech-imaging.fr\/","name":"Hytech-imaging","description":"From light to Earth information","publisher":{"@id":"https:\/\/hytech-imaging.fr\/#organization"},"potentialAction":[{"@type":"SearchAction","target":{"@type":"EntryPoint","urlTemplate":"https:\/\/hytech-imaging.fr\/?s={search_term_string}"},"query-input":{"@type":"PropertyValueSpecification","valueRequired":true,"valueName":"search_term_string"}}],"inLanguage":"en-US"},{"@type":"Organization","@id":"https:\/\/hytech-imaging.fr\/#organization","name":"Hytech-imaging","url":"https:\/\/hytech-imaging.fr\/","logo":{"@type":"ImageObject","inLanguage":"en-US","@id":"https:\/\/hytech-imaging.fr\/#\/schema\/logo\/image\/","url":"https:\/\/hytech-imaging.fr\/wp-content\/uploads\/2025\/04\/logo-hytech-imaging_400x100.png","contentUrl":"https:\/\/hytech-imaging.fr\/wp-content\/uploads\/2025\/04\/logo-hytech-imaging_400x100.png","width":400,"height":100,"caption":"Hytech-imaging"},"image":{"@id":"https:\/\/hytech-imaging.fr\/#\/schema\/logo\/image\/"}}]}},"_links":{"self":[{"href":"https:\/\/hytech-imaging.fr\/en\/wp-json\/wp\/v2\/pages\/3356","targetHints":{"allow":["GET"]}}],"collection":[{"href":"https:\/\/hytech-imaging.fr\/en\/wp-json\/wp\/v2\/pages"}],"about":[{"href":"https:\/\/hytech-imaging.fr\/en\/wp-json\/wp\/v2\/types\/page"}],"author":[{"embeddable":true,"href":"https:\/\/hytech-imaging.fr\/en\/wp-json\/wp\/v2\/users\/3"}],"replies":[{"embeddable":true,"href":"https:\/\/hytech-imaging.fr\/en\/wp-json\/wp\/v2\/comments?post=3356"}],"version-history":[{"count":6,"href":"https:\/\/hytech-imaging.fr\/en\/wp-json\/wp\/v2\/pages\/3356\/revisions"}],"predecessor-version":[{"id":4164,"href":"https:\/\/hytech-imaging.fr\/en\/wp-json\/wp\/v2\/pages\/3356\/revisions\/4164"}],"wp:attachment":[{"href":"https:\/\/hytech-imaging.fr\/en\/wp-json\/wp\/v2\/media?parent=3356"}],"curies":[{"name":"wp","href":"https:\/\/api.w.org\/{rel}","templated":true}]}}