{"id":3362,"date":"2023-12-14T14:36:33","date_gmt":"2023-12-14T14:36:33","guid":{"rendered":"https:\/\/hytech-imaging.fr\/?page_id=3362"},"modified":"2025-04-09T16:08:53","modified_gmt":"2025-04-09T16:08:53","slug":"calhyb","status":"publish","type":"page","link":"https:\/\/hytech-imaging.fr\/en\/calhyb\/","title":{"rendered":"Calhyb"},"content":{"rendered":"<div data-colibri-id=\"3362-c1\" class=\"style-2513 style-local-3362-c1 position-relative\">\n  <!---->\n  <div data-colibri-component=\"section\" data-colibri-id=\"3362-c2\" id=\"reusable-sections\" class=\"h-section h-section-global-spacing d-flex align-items-lg-center align-items-md-center align-items-center style-2514 style-local-3362-c2 position-relative\">\n    <!---->\n    <!---->\n    <div class=\"h-section-grid-container h-section-boxed-container\">\n      <!---->\n      <div data-colibri-id=\"3362-c3\" class=\"h-row-container gutters-row-lg-1 gutters-row-md-1 gutters-row-0 gutters-row-v-lg-1 gutters-row-v-md-1 gutters-row-v-1 style-2515 style-local-3362-c3 position-relative\">\n        <!---->\n        <div class=\"h-row justify-content-lg-center justify-content-md-center justify-content-center align-items-lg-stretch align-items-md-stretch align-items-stretch gutters-col-lg-1 gutters-col-md-1 gutters-col-0 gutters-col-v-lg-1 gutters-col-v-md-1 gutters-col-v-1\">\n          <!---->\n          <div class=\"h-column h-column-container d-flex h-col-lg-auto h-col-md-auto h-col-auto style-2516-outer style-local-3362-c4-outer\">\n            <div data-colibri-id=\"3362-c4\" class=\"d-flex h-flex-basis h-column__inner h-px-lg-1 h-px-md-1 h-px-1 v-inner-lg-1 v-inner-md-1 v-inner-1 style-2516 style-local-3362-c4 position-relative\">\n              <!---->\n              <!---->\n              <div class=\"w-100 h-y-container h-column__content h-column__v-align flex-basis-100 align-self-lg-start align-self-md-start align-self-start\">\n                <!---->\n                <div data-colibri-id=\"3362-c5\" class=\"d-block style-2517 style-local-3362-c5 position-relative h-element\">\n                  <!---->\n                  <div class=\"h-image__frame-container-outer\">\n                    <div class=\"h-image__frame-container\">\n                      <!---->\n                      <!---->\n                      <img loading=\"lazy\" decoding=\"async\" width=\"1213\" height=\"334\" src=\"https:\/\/hytech-imaging.fr\/wp-content\/uploads\/2023\/12\/2023_logo_hti_calhyb_b-1.png\" class=\"wp-image-3858 style-2517-image style-local-3362-c5-image\" alt=\"\" srcset=\"https:\/\/hytech-imaging.fr\/wp-content\/uploads\/2023\/12\/2023_logo_hti_calhyb_b-1.png 1213w, https:\/\/hytech-imaging.fr\/wp-content\/uploads\/2023\/12\/2023_logo_hti_calhyb_b-1-300x83.png 300w, https:\/\/hytech-imaging.fr\/wp-content\/uploads\/2023\/12\/2023_logo_hti_calhyb_b-1-1024x282.png 1024w, https:\/\/hytech-imaging.fr\/wp-content\/uploads\/2023\/12\/2023_logo_hti_calhyb_b-1-768x211.png 768w\" sizes=\"auto, (max-width: 1213px) 100vw, 1213px\" \/>\n                      <div class=\"h-image__frame h-hide-lg h-hide-md h-hide-sm style-2517-frameImage style-local-3362-c5-frameImage\"><\/div>\n                    <\/div>\n                  <\/div>\n                <\/div>\n              <\/div>\n            <\/div>\n          <\/div>\n          <div class=\"h-column h-column-container d-flex h-col-lg-auto h-col-md-auto h-col-auto style-2519-outer style-local-3362-c6-outer\">\n            <div data-colibri-id=\"3362-c6\" class=\"d-flex h-flex-basis h-column__inner h-px-lg-1 h-px-md-1 h-px-1 v-inner-lg-1 v-inner-md-1 v-inner-1 style-2519 style-local-3362-c6 position-relative\">\n              <!---->\n              <!---->\n              <div class=\"w-100 h-y-container h-column__content h-column__v-align flex-basis-100 align-self-lg-start align-self-md-start align-self-start\">\n                <!---->\n                <div data-colibri-id=\"3362-c7\" class=\"h-text h-text-component style-2520 style-local-3362-c7 position-relative h-element\">\n                  <!---->\n                  <!---->\n                  <div class=\"\">\n                    <h3><span style=\"color: rgb(255, 255, 255);\">Shallow water drone mapping system for civil and defense applications<\/span>\n                      <br>\n                    <\/h3>\n                    <p>\n                      <br>\n                    <\/p>\n                  <\/div>\n                <\/div>\n              <\/div>\n            <\/div>\n          <\/div>\n        <\/div>\n      <\/div>\n    <\/div>\n  <\/div>\n  <div data-colibri-component=\"section\" data-colibri-id=\"3362-c8\" id=\"reusable-sections-2\" class=\"h-section h-section-global-spacing d-flex align-items-lg-center align-items-md-center align-items-center style-2521 style-local-3362-c8 position-relative\">\n    <!---->\n    <!---->\n    <div class=\"h-section-grid-container h-section-boxed-container\">\n      <!---->\n      <div data-colibri-id=\"3362-c9\" class=\"h-row-container gutters-row-lg-0 gutters-row-md-0 gutters-row-0 gutters-row-v-lg-0 gutters-row-v-md-0 gutters-row-v-0 style-2522 style-local-3362-c9 position-relative\">\n        <!---->\n        <div class=\"h-row justify-content-lg-center justify-content-md-center justify-content-center align-items-lg-stretch align-items-md-stretch align-items-stretch gutters-col-lg-0 gutters-col-md-0 gutters-col-0 gutters-col-v-lg-0 gutters-col-v-md-0 gutters-col-v-0\">\n          <!---->\n          <div class=\"h-column h-column-container d-flex h-col-lg-auto h-col-md-auto h-col-auto style-2523-outer style-local-3362-c10-outer\">\n            <div data-colibri-id=\"3362-c10\" class=\"d-flex h-flex-basis h-column__inner h-px-lg-2 h-px-md-2 h-px-2 v-inner-lg-2 v-inner-md-2 v-inner-2 style-2523 style-local-3362-c10 position-relative\">\n              <!---->\n              <!---->\n              <div class=\"w-100 h-y-container h-column__content h-column__v-align flex-basis-100 align-self-lg-start align-self-md-start align-self-start\">\n                <!---->\n                <div data-colibri-id=\"3362-c11\" class=\"h-lead h-text h-text-component style-2524 style-local-3362-c11 position-relative h-element\">\n                  <!---->\n                  <!---->\n                  <div class=\"\">\n                    <p>The Calhyb system is based on a coupling between a passive hyperspectral imaging sensor allowing the production of bathymetry and seabed nature maps by inversion of the radiative transfer model in the water column, and a bathymetric laser profiler allowing the local calibration of data from spectral imaging. It is supplemented by an incident illumination sensor providing robustness to lighting conditions.<\/p>\n                  <\/div>\n                <\/div>\n              <\/div>\n            <\/div>\n          <\/div>\n          <div class=\"h-column h-column-container d-flex h-col-lg-auto h-col-md-auto h-col-auto style-2525-outer style-local-3362-c12-outer\">\n            <div data-colibri-id=\"3362-c12\" class=\"d-flex h-flex-basis h-column__inner h-px-lg-1 h-px-md-1 h-px-1 v-inner-lg-1 v-inner-md-1 v-inner-1 style-2525 style-local-3362-c12 position-relative\">\n              <!---->\n              <!---->\n              <div class=\"w-100 h-y-container h-column__content h-column__v-align flex-basis-100 align-self-lg-start align-self-md-start align-self-start\">\n                <!---->\n                <div data-colibri-id=\"3362-c13\" class=\"d-block style-2526 style-local-3362-c13 position-relative h-element\">\n                  <!---->\n                  <div class=\"h-image__frame-container-outer\">\n                    <div class=\"h-image__frame-container\">\n                      <!---->\n                      <!---->\n                      <img loading=\"lazy\" decoding=\"async\" width=\"1764\" height=\"852\" src=\"https:\/\/hytech-imaging.fr\/wp-content\/uploads\/2023\/12\/UAV_HS_CALHYB_hytech_ill_no_text.png\" class=\"wp-image-3859 style-2526-image style-local-3362-c13-image\" alt=\"\" srcset=\"https:\/\/hytech-imaging.fr\/wp-content\/uploads\/2023\/12\/UAV_HS_CALHYB_hytech_ill_no_text.png 1764w, https:\/\/hytech-imaging.fr\/wp-content\/uploads\/2023\/12\/UAV_HS_CALHYB_hytech_ill_no_text-300x145.png 300w, https:\/\/hytech-imaging.fr\/wp-content\/uploads\/2023\/12\/UAV_HS_CALHYB_hytech_ill_no_text-1024x495.png 1024w, https:\/\/hytech-imaging.fr\/wp-content\/uploads\/2023\/12\/UAV_HS_CALHYB_hytech_ill_no_text-768x371.png 768w, https:\/\/hytech-imaging.fr\/wp-content\/uploads\/2023\/12\/UAV_HS_CALHYB_hytech_ill_no_text-1536x742.png 1536w\" sizes=\"auto, (max-width: 1764px) 100vw, 1764px\" \/>\n                      <div class=\"h-image__frame h-hide-lg h-hide-md h-hide-sm style-2526-frameImage style-local-3362-c13-frameImage\"><\/div>\n                    <\/div>\n                  <\/div>\n                <\/div>\n              <\/div>\n            <\/div>\n          <\/div>\n        <\/div>\n      <\/div>\n    <\/div>\n  <\/div>\n<\/div>","protected":false},"excerpt":{"rendered":"<p>Syst\u00e8me de cartographie des eaux peu profondes par drone pour des applications civiles et de d\u00e9fense Le syst\u00e8me Calhyb est bas\u00e9 sur un couplage entre un capteur imageur hyperspectral passif permettant de r\u00e9aliser des cartes de bathym\u00e9trie et nature des fonds par inversion du mod\u00e8le de transfert radiatif dans la colonne d\u2019eau, et un profileur [&hellip;]<\/p>\n","protected":false},"author":3,"featured_media":0,"parent":0,"menu_order":0,"comment_status":"closed","ping_status":"closed","template":"page-templates\/full-width-page.php","meta":{"footnotes":""},"class_list":["post-3362","page","type-page","status-publish","hentry"],"yoast_head":"<!-- This site is optimized with the Yoast SEO plugin v27.6 - https:\/\/yoast.com\/product\/yoast-seo-wordpress\/ -->\n<title>Calhyb - Hytech-imaging<\/title>\n<meta name=\"robots\" content=\"index, follow, max-snippet:-1, max-image-preview:large, max-video-preview:-1\" \/>\n<link rel=\"canonical\" href=\"https:\/\/hytech-imaging.fr\/en\/calhyb\/\" \/>\n<meta property=\"og:locale\" content=\"en_US\" \/>\n<meta property=\"og:type\" content=\"article\" \/>\n<meta property=\"og:title\" content=\"Calhyb - Hytech-imaging\" \/>\n<meta property=\"og:description\" content=\"Syst\u00e8me de cartographie des eaux peu profondes par drone pour des applications civiles et de d\u00e9fense Le syst\u00e8me Calhyb est bas\u00e9 sur un couplage entre un capteur imageur hyperspectral passif permettant de r\u00e9aliser des cartes de bathym\u00e9trie et nature des fonds par inversion du mod\u00e8le de transfert radiatif dans la colonne d\u2019eau, et un profileur [&hellip;]\" \/>\n<meta property=\"og:url\" content=\"https:\/\/hytech-imaging.fr\/en\/calhyb\/\" \/>\n<meta property=\"og:site_name\" content=\"Hytech-imaging\" \/>\n<meta property=\"article:modified_time\" content=\"2025-04-09T16:08:53+00:00\" \/>\n<meta property=\"og:image\" content=\"https:\/\/hytech-imaging.fr\/wp-content\/uploads\/2023\/12\/2023_logo_hti_calhyb_b-1.png\" \/>\n<meta name=\"twitter:card\" content=\"summary_large_image\" \/>\n<script type=\"application\/ld+json\" class=\"yoast-schema-graph\">{\"@context\":\"https:\\\/\\\/schema.org\",\"@graph\":[{\"@type\":\"WebPage\",\"@id\":\"https:\\\/\\\/hytech-imaging.fr\\\/calhyb\\\/\",\"url\":\"https:\\\/\\\/hytech-imaging.fr\\\/calhyb\\\/\",\"name\":\"Calhyb - Hytech-imaging\",\"isPartOf\":{\"@id\":\"https:\\\/\\\/hytech-imaging.fr\\\/#website\"},\"primaryImageOfPage\":{\"@id\":\"https:\\\/\\\/hytech-imaging.fr\\\/calhyb\\\/#primaryimage\"},\"image\":{\"@id\":\"https:\\\/\\\/hytech-imaging.fr\\\/calhyb\\\/#primaryimage\"},\"thumbnailUrl\":\"https:\\\/\\\/hytech-imaging.fr\\\/wp-content\\\/uploads\\\/2023\\\/12\\\/2023_logo_hti_calhyb_b-1.png\",\"datePublished\":\"2023-12-14T14:36:33+00:00\",\"dateModified\":\"2025-04-09T16:08:53+00:00\",\"breadcrumb\":{\"@id\":\"https:\\\/\\\/hytech-imaging.fr\\\/calhyb\\\/#breadcrumb\"},\"inLanguage\":\"en-US\",\"potentialAction\":[{\"@type\":\"ReadAction\",\"target\":[\"https:\\\/\\\/hytech-imaging.fr\\\/calhyb\\\/\"]}]},{\"@type\":\"ImageObject\",\"inLanguage\":\"en-US\",\"@id\":\"https:\\\/\\\/hytech-imaging.fr\\\/calhyb\\\/#primaryimage\",\"url\":\"https:\\\/\\\/hytech-imaging.fr\\\/wp-content\\\/uploads\\\/2023\\\/12\\\/2023_logo_hti_calhyb_b-1.png\",\"contentUrl\":\"https:\\\/\\\/hytech-imaging.fr\\\/wp-content\\\/uploads\\\/2023\\\/12\\\/2023_logo_hti_calhyb_b-1.png\"},{\"@type\":\"BreadcrumbList\",\"@id\":\"https:\\\/\\\/hytech-imaging.fr\\\/calhyb\\\/#breadcrumb\",\"itemListElement\":[{\"@type\":\"ListItem\",\"position\":1,\"name\":\"Accueil\",\"item\":\"https:\\\/\\\/hytech-imaging.fr\\\/\"},{\"@type\":\"ListItem\",\"position\":2,\"name\":\"Calhyb\"}]},{\"@type\":\"WebSite\",\"@id\":\"https:\\\/\\\/hytech-imaging.fr\\\/#website\",\"url\":\"https:\\\/\\\/hytech-imaging.fr\\\/\",\"name\":\"Hytech-imaging\",\"description\":\"From light to Earth information\",\"publisher\":{\"@id\":\"https:\\\/\\\/hytech-imaging.fr\\\/#organization\"},\"potentialAction\":[{\"@type\":\"SearchAction\",\"target\":{\"@type\":\"EntryPoint\",\"urlTemplate\":\"https:\\\/\\\/hytech-imaging.fr\\\/?s={search_term_string}\"},\"query-input\":{\"@type\":\"PropertyValueSpecification\",\"valueRequired\":true,\"valueName\":\"search_term_string\"}}],\"inLanguage\":\"en-US\"},{\"@type\":\"Organization\",\"@id\":\"https:\\\/\\\/hytech-imaging.fr\\\/#organization\",\"name\":\"Hytech-imaging\",\"url\":\"https:\\\/\\\/hytech-imaging.fr\\\/\",\"logo\":{\"@type\":\"ImageObject\",\"inLanguage\":\"en-US\",\"@id\":\"https:\\\/\\\/hytech-imaging.fr\\\/#\\\/schema\\\/logo\\\/image\\\/\",\"url\":\"https:\\\/\\\/hytech-imaging.fr\\\/wp-content\\\/uploads\\\/2025\\\/04\\\/logo-hytech-imaging_400x100.png\",\"contentUrl\":\"https:\\\/\\\/hytech-imaging.fr\\\/wp-content\\\/uploads\\\/2025\\\/04\\\/logo-hytech-imaging_400x100.png\",\"width\":400,\"height\":100,\"caption\":\"Hytech-imaging\"},\"image\":{\"@id\":\"https:\\\/\\\/hytech-imaging.fr\\\/#\\\/schema\\\/logo\\\/image\\\/\"}}]}<\/script>\n<!-- \/ Yoast SEO plugin. -->","yoast_head_json":{"title":"Calhyb - Hytech-imaging","robots":{"index":"index","follow":"follow","max-snippet":"max-snippet:-1","max-image-preview":"max-image-preview:large","max-video-preview":"max-video-preview:-1"},"canonical":"https:\/\/hytech-imaging.fr\/en\/calhyb\/","og_locale":"en_US","og_type":"article","og_title":"Calhyb - Hytech-imaging","og_description":"Syst\u00e8me de cartographie des eaux peu profondes par drone pour des applications civiles et de d\u00e9fense Le syst\u00e8me Calhyb est bas\u00e9 sur un couplage entre un capteur imageur hyperspectral passif permettant de r\u00e9aliser des cartes de bathym\u00e9trie et nature des fonds par inversion du mod\u00e8le de transfert radiatif dans la colonne d\u2019eau, et un profileur [&hellip;]","og_url":"https:\/\/hytech-imaging.fr\/en\/calhyb\/","og_site_name":"Hytech-imaging","article_modified_time":"2025-04-09T16:08:53+00:00","og_image":[{"url":"https:\/\/hytech-imaging.fr\/wp-content\/uploads\/2023\/12\/2023_logo_hti_calhyb_b-1.png","type":"","width":"","height":""}],"twitter_card":"summary_large_image","schema":{"@context":"https:\/\/schema.org","@graph":[{"@type":"WebPage","@id":"https:\/\/hytech-imaging.fr\/calhyb\/","url":"https:\/\/hytech-imaging.fr\/calhyb\/","name":"Calhyb - Hytech-imaging","isPartOf":{"@id":"https:\/\/hytech-imaging.fr\/#website"},"primaryImageOfPage":{"@id":"https:\/\/hytech-imaging.fr\/calhyb\/#primaryimage"},"image":{"@id":"https:\/\/hytech-imaging.fr\/calhyb\/#primaryimage"},"thumbnailUrl":"https:\/\/hytech-imaging.fr\/wp-content\/uploads\/2023\/12\/2023_logo_hti_calhyb_b-1.png","datePublished":"2023-12-14T14:36:33+00:00","dateModified":"2025-04-09T16:08:53+00:00","breadcrumb":{"@id":"https:\/\/hytech-imaging.fr\/calhyb\/#breadcrumb"},"inLanguage":"en-US","potentialAction":[{"@type":"ReadAction","target":["https:\/\/hytech-imaging.fr\/calhyb\/"]}]},{"@type":"ImageObject","inLanguage":"en-US","@id":"https:\/\/hytech-imaging.fr\/calhyb\/#primaryimage","url":"https:\/\/hytech-imaging.fr\/wp-content\/uploads\/2023\/12\/2023_logo_hti_calhyb_b-1.png","contentUrl":"https:\/\/hytech-imaging.fr\/wp-content\/uploads\/2023\/12\/2023_logo_hti_calhyb_b-1.png"},{"@type":"BreadcrumbList","@id":"https:\/\/hytech-imaging.fr\/calhyb\/#breadcrumb","itemListElement":[{"@type":"ListItem","position":1,"name":"Accueil","item":"https:\/\/hytech-imaging.fr\/"},{"@type":"ListItem","position":2,"name":"Calhyb"}]},{"@type":"WebSite","@id":"https:\/\/hytech-imaging.fr\/#website","url":"https:\/\/hytech-imaging.fr\/","name":"Hytech-imaging","description":"From light to Earth information","publisher":{"@id":"https:\/\/hytech-imaging.fr\/#organization"},"potentialAction":[{"@type":"SearchAction","target":{"@type":"EntryPoint","urlTemplate":"https:\/\/hytech-imaging.fr\/?s={search_term_string}"},"query-input":{"@type":"PropertyValueSpecification","valueRequired":true,"valueName":"search_term_string"}}],"inLanguage":"en-US"},{"@type":"Organization","@id":"https:\/\/hytech-imaging.fr\/#organization","name":"Hytech-imaging","url":"https:\/\/hytech-imaging.fr\/","logo":{"@type":"ImageObject","inLanguage":"en-US","@id":"https:\/\/hytech-imaging.fr\/#\/schema\/logo\/image\/","url":"https:\/\/hytech-imaging.fr\/wp-content\/uploads\/2025\/04\/logo-hytech-imaging_400x100.png","contentUrl":"https:\/\/hytech-imaging.fr\/wp-content\/uploads\/2025\/04\/logo-hytech-imaging_400x100.png","width":400,"height":100,"caption":"Hytech-imaging"},"image":{"@id":"https:\/\/hytech-imaging.fr\/#\/schema\/logo\/image\/"}}]}},"_links":{"self":[{"href":"https:\/\/hytech-imaging.fr\/en\/wp-json\/wp\/v2\/pages\/3362","targetHints":{"allow":["GET"]}}],"collection":[{"href":"https:\/\/hytech-imaging.fr\/en\/wp-json\/wp\/v2\/pages"}],"about":[{"href":"https:\/\/hytech-imaging.fr\/en\/wp-json\/wp\/v2\/types\/page"}],"author":[{"embeddable":true,"href":"https:\/\/hytech-imaging.fr\/en\/wp-json\/wp\/v2\/users\/3"}],"replies":[{"embeddable":true,"href":"https:\/\/hytech-imaging.fr\/en\/wp-json\/wp\/v2\/comments?post=3362"}],"version-history":[{"count":10,"href":"https:\/\/hytech-imaging.fr\/en\/wp-json\/wp\/v2\/pages\/3362\/revisions"}],"predecessor-version":[{"id":6740,"href":"https:\/\/hytech-imaging.fr\/en\/wp-json\/wp\/v2\/pages\/3362\/revisions\/6740"}],"wp:attachment":[{"href":"https:\/\/hytech-imaging.fr\/en\/wp-json\/wp\/v2\/media?parent=3362"}],"curies":[{"name":"wp","href":"https:\/\/api.w.org\/{rel}","templated":true}]}}